{"id":118,"date":"2024-07-31T11:00:34","date_gmt":"2024-07-31T16:00:34","guid":{"rendered":"https:\/\/ensfrontino.edu.co\/?page_id=118"},"modified":"2024-08-20T14:23:25","modified_gmt":"2024-08-20T19:23:25","slug":"nore","status":"publish","type":"page","link":"https:\/\/ensfrontino.edu.co\/index.php\/nore\/","title":{"rendered":"Nore"},"content":{"rendered":"\n<div class=\"wp-block-group alignfull has-global-padding is-layout-constrained wp-container-core-group-is-layout-d5448b92 wp-block-group-is-layout-constrained\" style=\"padding-top:var(--wp--preset--spacing--30);padding-right:var(--wp--preset--spacing--30);padding-bottom:var(--wp--preset--spacing--30);padding-left:var(--wp--preset--spacing--30)\">\n<h1 class=\"wp-block-heading has-text-align-center has-x-large-font-size\">Presentaci\u00f3n<\/h1>\n\n\n\n<div class=\"wp-block-group has-global-padding is-layout-constrained wp-container-core-group-is-layout-650790e1 wp-block-group-is-layout-constrained\">\n<div style=\"height:1.25rem\" aria-hidden=\"true\" class=\"wp-block-spacer\"><\/div>\n\n\n\n<p class=\"has-text-align-center\"><\/p>\n\n\n\n<p class=\"has-text-align-center\">Esta sede se encuentra ubicada a 3 kil\u00f3metros de la cabecera municipal en la vereda que lleva el mismo nombre <strong>NORE. <\/strong>la escuela brinda los servicios de educaci\u00f3n primaria desde el a\u00f1o 1969 bajo el t\u00edtulo de escuela unitaria, en 1986 pasa a ser escuela unitaria nueva; donde es un solo docente con los 5 grados de la b\u00e1sica y los estudiantes trabajan con gu\u00edas o fasc\u00edculos, a\u00f1os m\u00e1s tarde desaparece el nombre de escuela unitaria y continua con la misma metodolog\u00eda bajo el t\u00edtulo de escuela nueva hasta convertirse en sede de la normal Superior&nbsp; Miguel \u00c1ngel \u00c1lvarez en el a\u00f1o 2004 con las fusiones de centros educativos rural a instituciones educativas,&nbsp; implementadas por la secretaria de educaci\u00f3n para reorganizar las instituciones educativas del departamento.<\/p>\n\n\n\n<div style=\"height:1.25rem\" aria-hidden=\"true\" class=\"wp-block-spacer\"><\/div>\n\n\n\n<div class=\"wp-block-buttons is-content-justification-center is-layout-flex wp-container-core-buttons-is-layout-a89b3969 wp-block-buttons-is-layout-flex\">\n<div class=\"wp-block-button\"><a class=\"wp-block-button__link wp-element-button\">About us<\/a><\/div>\n<\/div>\n<\/div>\n\n\n\n<div style=\"height:var(--wp--preset--spacing--30)\" aria-hidden=\"true\" class=\"wp-block-spacer\"><\/div>\n\n\n\n<figure class=\"wp-block-image alignwide size-full has-custom-border is-style-rounded is-style-rounded--1\"><img loading=\"lazy\" decoding=\"async\" width=\"1536\" height=\"802\" src=\"https:\/\/ensfrontino.edu.co\/wp-content\/uploads\/2024\/08\/nore-2.jpg\" alt=\"\" class=\"wp-image-320\" style=\"border-style:none;border-width:0px;border-radius:0px\" srcset=\"https:\/\/ensfrontino.edu.co\/wp-content\/uploads\/2024\/08\/nore-2.jpg 1536w, https:\/\/ensfrontino.edu.co\/wp-content\/uploads\/2024\/08\/nore-2-300x157.jpg 300w, https:\/\/ensfrontino.edu.co\/wp-content\/uploads\/2024\/08\/nore-2-1024x535.jpg 1024w, https:\/\/ensfrontino.edu.co\/wp-content\/uploads\/2024\/08\/nore-2-768x401.jpg 768w\" sizes=\"auto, (max-width: 1536px) 100vw, 1536px\" \/><\/figure>\n\n\n\n<h2 class=\"wp-block-heading has-text-align-center is-style-asterisk\">ASPECTOS GENERALES<\/h2>\n<\/div>\n\n\n\n<div class=\"wp-block-group alignfull has-base-2-background-color has-background has-global-padding is-layout-constrained wp-container-core-group-is-layout-669513ed wp-block-group-is-layout-constrained\" style=\"margin-top:0;margin-bottom:0;padding-top:var(--wp--preset--spacing--50);padding-right:var(--wp--preset--spacing--50);padding-bottom:var(--wp--preset--spacing--50);padding-left:var(--wp--preset--spacing--50)\">\n<div class=\"wp-block-group is-vertical is-content-justification-center is-layout-flex wp-container-core-group-is-layout-52b864f0 wp-block-group-is-layout-flex\">\n<div style=\"height:0px\" aria-hidden=\"true\" class=\"wp-block-spacer wp-container-content-9760934e\"><\/div>\n\n\n\n<p class=\"has-text-align-center\">La sede es atendida por la maestra Mery Helen Correa Estrada.<\/p>\n\n\n\n<p class=\"has-text-align-center\">Licenciada en lengua castellana y comunicaci\u00f3n. Especialista en gerencia inform\u00e1tica.<\/p>\n<\/div>\n\n\n\n<div style=\"margin-top:0;margin-bottom:0;height:var(--wp--preset--spacing--40)\" aria-hidden=\"true\" class=\"wp-block-spacer\"><\/div>\n\n\n\n<div class=\"wp-block-columns alignwide is-layout-flex wp-container-core-columns-is-layout-d0bbbce0 wp-block-columns-is-layout-flex\">\n<div class=\"wp-block-column is-layout-flow wp-container-core-column-is-layout-e3d1c41b wp-block-column-is-layout-flow\">\n<h3 class=\"wp-block-heading has-text-align-left is-style-asterisk has-body-font-family has-medium-font-size\" style=\"font-style:normal;font-weight:600\">INFRAESTRUCTURA<\/h3>\n\n\n\n<p class=\"has-text-align-left\">La sede Nore cuenta con un sal\u00f3n&nbsp; de clases con capacidad de 30 estudiantes, un espacio destinado para la biblioteca, apartamento donde funciona la cocina del restaurante escolar, un cuarto adecuado para el uso y funcionamiento de computadores (en la actualidad no tiene funcionalidad por mal estado de los equipos de c\u00f3mputo y falta de conectividad). Tambi\u00e9n se cuenta con un espacio de recreaci\u00f3n (placa deportiva en mal estado) y tres unidades sanitarias en buen estado.<\/p>\n<\/div>\n\n\n\n<div class=\"wp-block-column is-layout-flow wp-container-core-column-is-layout-e3d1c41b wp-block-column-is-layout-flow\">\n<h3 class=\"wp-block-heading has-text-align-left is-style-asterisk has-body-font-family has-medium-font-size\" style=\"font-style:normal;font-weight:600\">MATODOLOG\u00cdA<\/h3>\n\n\n\n<p class=\"has-text-align-left\"><\/p>\n\n\n\n<figure class=\"wp-block-table\"><table class=\"has-fixed-layout\"><tbody><tr><td>En la sede se implementa la metodolog\u00eda escuela nueva donde&nbsp; los ni\u00f1os de primero a quinto de primaria, ubicados en grupos se re\u00fanen en &nbsp;una mesa redonda con la &nbsp;gu\u00eda que les corresponde de acuerdo con su nivel de grado y el docente adquiere un nuevo rol: el de&nbsp; &nbsp;facilitador del aprendizaje de los ni\u00f1os. Las gu\u00edas les permiten a los ni\u00f1os avanzar a su ritmo. De esta forma, si tienen que cumplir con las labores del campo, una vez retornen a la escuela, encontrar\u00e1n su gu\u00eda en el momento en el que la dejaron y podr\u00e1n continuar con su proceso de aprendizaje. &nbsp;<\/td><\/tr><\/tbody><\/table><\/figure>\n\n\n\n<p class=\"has-text-align-left\"><\/p>\n<\/div>\n\n\n\n<div class=\"wp-block-column is-layout-flow wp-container-core-column-is-layout-e3d1c41b wp-block-column-is-layout-flow\">\n<h3 class=\"wp-block-heading has-text-align-left is-style-asterisk has-body-font-family has-medium-font-size\" style=\"font-style:normal;font-weight:600\">PROYECTO<\/h3>\n\n\n\n<p class=\"has-text-align-left\">Leyendo, leyendo voy comprendiendo<\/p>\n\n\n\n<p>Prop\u00f3sito:_ fortalecer las habilidades comunicativas de los estudiantes de la sede.<\/p>\n\n\n\n<p>Se brinda un espacio semanal destinado a la lectura&nbsp; de diversos textos e implementando variedad de t\u00e9cnicas, que contribuyen a fortalecer y desarrollar la comprensi\u00f3n lectora en los ni\u00f1os de los distintos niveles escolares.<\/p>\n<\/div>\n<\/div>\n\n\n\n<div style=\"height:var(--wp--preset--spacing--20)\" aria-hidden=\"true\" class=\"wp-block-spacer\"><\/div>\n\n\n\n<div class=\"wp-block-columns alignwide is-layout-flex wp-container-core-columns-is-layout-d0bbbce0 wp-block-columns-is-layout-flex\">\n<div class=\"wp-block-column is-layout-flow wp-container-core-column-is-layout-e3d1c41b wp-block-column-is-layout-flow\">\n<h3 class=\"wp-block-heading has-text-align-left is-style-asterisk has-body-font-family has-medium-font-size\" style=\"font-style:normal;font-weight:600\">DOFA<\/h3>\n\n\n\n<p class=\"has-text-align-left\">Fortaleza: espacio disponible en el aula de clase para mayor cantidad de estudiantes de los que actualmente se atiende.  Debilidades: poca poblaci\u00f3n estudiantil. poco espacio para la recreaci\u00f3n. -equipos de computaci\u00f3n inservibles.<\/p>\n\n\n\n<p class=\"has-text-align-left\">Experience the fusion of imagination and expertise with \u00c9tudes Architectural Solutions.<\/p>\n<\/div>\n\n\n\n<div class=\"wp-block-column is-layout-flow wp-container-core-column-is-layout-e3d1c41b wp-block-column-is-layout-flow\">\n<h3 class=\"wp-block-heading has-text-align-left is-style-asterisk has-body-font-family has-medium-font-size\" style=\"font-style:normal;font-weight:600\">Project Management<\/h3>\n\n\n\n<p class=\"has-text-align-left\">Experience the fusion of imagination and expertise with \u00c9tudes Architectural Solutions.<\/p>\n<\/div>\n\n\n\n<div class=\"wp-block-column is-layout-flow wp-container-core-column-is-layout-e3d1c41b wp-block-column-is-layout-flow\">\n<h3 class=\"wp-block-heading has-text-align-left is-style-asterisk has-body-font-family has-medium-font-size\" style=\"font-style:normal;font-weight:600\">Architectural Solutions<\/h3>\n\n\n\n<p class=\"has-text-align-left\">Experience the fusion of imagination and expertise with \u00c9tudes Architectural Solutions.<\/p>\n<\/div>\n<\/div>\n<\/div>\n\n\n\n<div class=\"wp-block-group alignfull has-global-padding is-layout-constrained wp-container-core-group-is-layout-d89aad35 wp-block-group-is-layout-constrained\" style=\"margin-top:0;margin-bottom:0;padding-top:var(--wp--preset--spacing--50);padding-right:var(--wp--preset--spacing--50);padding-bottom:var(--wp--preset--spacing--50);padding-left:var(--wp--preset--spacing--50)\">\n<div class=\"wp-block-group alignwide has-global-padding is-layout-constrained wp-container-core-group-is-layout-19e250f3 wp-block-group-is-layout-constrained\">\n<div class=\"wp-block-group is-vertical is-content-justification-center is-layout-flex wp-container-core-group-is-layout-6329a8f3 wp-block-group-is-layout-flex\">\n<h2 class=\"wp-block-heading has-text-align-center is-style-asterisk\">Gobierno escolar<\/h2>\n\n\n\n<p class=\"has-text-align-center\">El gobierno escolar es una forma de participaci\u00f3n escolar<\/p>\n<\/div>\n\n\n\n<div style=\"height:var(--wp--preset--spacing--40)\" aria-hidden=\"true\" class=\"wp-block-spacer\"><\/div>\n\n\n\n<div class=\"wp-block-columns alignwide is-layout-flex wp-container-core-columns-is-layout-d1c656ed wp-block-columns-is-layout-flex\">\n<div class=\"wp-block-column is-vertically-aligned-center is-layout-flow wp-block-column-is-layout-flow\" style=\"flex-basis:40%\">\n<h3 class=\"wp-block-heading is-style-asterisk\">Integrantes:<\/h3>\n\n\n\n<ul style=\"line-height:1.75\" class=\"wp-block-list is-style-checkmark-list\">\n<li>Presidente: <\/li>\n\n\n\n<li>Deporte:<\/li>\n\n\n\n<li>Aseo:<\/li>\n<\/ul>\n<\/div>\n\n\n\n<div class=\"wp-block-column is-layout-flow wp-block-column-is-layout-flow\" style=\"flex-basis:50%\">\n<figure class=\"wp-block-image size-large is-resized is-style-rounded is-style-rounded--2\"><img loading=\"lazy\" decoding=\"async\" width=\"715\" height=\"1024\" src=\"https:\/\/ensfrontino.edu.co\/wp-content\/uploads\/2024\/08\/nore-4-1-715x1024.jpg\" alt=\"\" class=\"wp-image-325\" style=\"width:615px;height:auto\" srcset=\"https:\/\/ensfrontino.edu.co\/wp-content\/uploads\/2024\/08\/nore-4-1-715x1024.jpg 715w, https:\/\/ensfrontino.edu.co\/wp-content\/uploads\/2024\/08\/nore-4-1-210x300.jpg 210w, https:\/\/ensfrontino.edu.co\/wp-content\/uploads\/2024\/08\/nore-4-1.jpg 720w\" sizes=\"auto, (max-width: 715px) 100vw, 715px\" \/><\/figure>\n<\/div>\n<\/div>\n\n\n\n<div style=\"height:var(--wp--preset--spacing--40)\" aria-hidden=\"true\" class=\"wp-block-spacer\"><\/div>\n\n\n\n<div class=\"wp-block-columns alignwide is-layout-flex wp-container-core-columns-is-layout-d1c656ed wp-block-columns-is-layout-flex\">\n<div class=\"wp-block-column is-layout-flow wp-block-column-is-layout-flow\" style=\"flex-basis:50%\">\n<figure class=\"wp-block-image size-large is-style-rounded is-style-rounded--3\"><img decoding=\"async\" src=\"https:\/\/ensfrontino.edu.co\/wp-content\/themes\/twentytwentyfour\/assets\/images\/windows.webp\" alt=\"Windows of a building in Nuremberg, Germany\"\/><\/figure>\n<\/div>\n\n\n\n<div class=\"wp-block-column is-vertically-aligned-center is-layout-flow wp-block-column-is-layout-flow\" style=\"flex-basis:40%\">\n<h3 class=\"wp-block-heading is-style-asterisk\">\u00c9tudes Newsletter<\/h3>\n\n\n\n<ul style=\"line-height:1.75\" class=\"wp-block-list is-style-checkmark-list\">\n<li>A world of thought-provoking articles.<\/li>\n\n\n\n<li>Case studies that celebrate architecture.<\/li>\n\n\n\n<li>Exclusive access to design insights.<\/li>\n<\/ul>\n<\/div>\n<\/div>\n<\/div>\n<\/div>\n\n\n\n<div class=\"wp-block-group alignfull has-base-color has-accent-2-background-color has-text-color has-background has-global-padding is-layout-constrained wp-container-core-group-is-layout-ef3d885c wp-block-group-is-layout-constrained\" style=\"margin-top:0;margin-bottom:0;padding-top:var(--wp--preset--spacing--60);padding-right:var(--wp--preset--spacing--60);padding-bottom:var(--wp--preset--spacing--60);padding-left:var(--wp--preset--spacing--60)\">\n<div class=\"wp-block-group has-global-padding is-layout-constrained wp-block-group-is-layout-constrained\">\n<p class=\"has-text-align-center has-base-color has-text-color has-heading-font-family has-x-large-font-size\" style=\"line-height:1.2\">\n\t\t\t<em>\u201c\u00c9tudes has saved us thousands of hours of work and has unlocked insights we never thought possible.\u201d<\/em>\n\t\t<\/p>\n\n\n\n<div style=\"height:var(--wp--preset--spacing--10)\" aria-hidden=\"true\" class=\"wp-block-spacer\"><\/div>\n\n\n\n<div class=\"wp-block-group is-vertical is-content-justification-center is-nowrap is-layout-flex wp-container-core-group-is-layout-2dc08cea wp-block-group-is-layout-flex\">\n\n\n<p class=\"has-text-align-center\" style=\"margin-top:var(--wp--preset--spacing--10);margin-bottom:0\">Annie Steiner<\/p>\n\n\n\n<p class=\"has-text-align-center has-contrast-3-color has-text-color has-small-font-size\" style=\"font-style:normal;font-weight:300\">CEO, Greenprint<\/p>\n<\/div>\n<\/div>\n<\/div>\n\n\n\n<div class=\"wp-block-group alignfull has-global-padding is-layout-constrained wp-container-core-group-is-layout-d89aad35 wp-block-group-is-layout-constrained\" style=\"margin-top:0;margin-bottom:0;padding-top:var(--wp--preset--spacing--50);padding-right:var(--wp--preset--spacing--50);padding-bottom:var(--wp--preset--spacing--50);padding-left:var(--wp--preset--spacing--50)\">\n<h2 class=\"wp-block-heading alignwide has-x-large-font-size\" style=\"margin-top:0;margin-bottom:var(--wp--preset--spacing--40);line-height:1\">Watch, Read, Listen<\/h2>\n\n\n\n<div class=\"wp-block-group alignwide has-global-padding is-layout-constrained wp-block-group-is-layout-constrained\">\n<div class=\"wp-block-query alignwide is-layout-flow wp-block-query-is-layout-flow\">\n\n\n<div style=\"height:var(--wp--preset--spacing--30)\" aria-hidden=\"true\" class=\"wp-block-spacer\"><\/div>\n\n\n\n\n<div class=\"wp-block-query-no-results\">\n\n<p>No posts were found.<\/p>\n\n<\/div><\/div>\n<\/div>\n<\/div>\n\n\n\n<div class=\"wp-block-group alignfull has-global-padding is-layout-constrained wp-container-core-group-is-layout-d89aad35 wp-block-group-is-layout-constrained\" style=\"margin-top:0;margin-bottom:0;padding-top:var(--wp--preset--spacing--50);padding-right:var(--wp--preset--spacing--50);padding-bottom:var(--wp--preset--spacing--50);padding-left:var(--wp--preset--spacing--50)\">\n<div class=\"wp-block-group alignwide has-base-2-background-color has-background has-global-padding is-layout-constrained wp-container-core-group-is-layout-39412042 wp-block-group-is-layout-constrained\" style=\"border-radius:16px;padding-top:var(--wp--preset--spacing--40);padding-right:var(--wp--preset--spacing--50);padding-bottom:var(--wp--preset--spacing--40);padding-left:var(--wp--preset--spacing--50)\">\n<div style=\"height:var(--wp--preset--spacing--10)\" aria-hidden=\"true\" class=\"wp-block-spacer\"><\/div>\n\n\n\n<h2 class=\"wp-block-heading has-text-align-center has-x-large-font-size\">Join 900+ subscribers<\/h2>\n\n\n\n<p class=\"has-text-align-center\">Stay in the loop with everything you need to know.<\/p>\n\n\n\n<div class=\"wp-block-buttons is-content-justification-center is-layout-flex wp-container-core-buttons-is-layout-a89b3969 wp-block-buttons-is-layout-flex\">\n<div class=\"wp-block-button\"><a class=\"wp-block-button__link wp-element-button\">Sign up<\/a><\/div>\n<\/div>\n\n\n\n<div style=\"height:var(--wp--preset--spacing--10)\" aria-hidden=\"true\" class=\"wp-block-spacer\"><\/div>\n<\/div>\n<\/div>\n","protected":false},"excerpt":{"rendered":"<p>Presentaci\u00f3n Esta sede se encuentra ubicada a 3 kil\u00f3metros de la cabecera municipal en la vereda que lleva el mismo nombre NORE. la escuela brinda los servicios de educaci\u00f3n primaria desde el a\u00f1o 1969 bajo el t\u00edtulo de escuela unitaria, en 1986 pasa a ser escuela unitaria nueva; donde es un solo docente con los [&hellip;]<\/p>\n","protected":false},"author":2,"featured_media":0,"parent":0,"menu_order":0,"comment_status":"closed","ping_status":"closed","template":"","meta":{"footnotes":""},"class_list":["post-118","page","type-page","status-publish","hentry"],"_links":{"self":[{"href":"https:\/\/ensfrontino.edu.co\/index.php\/wp-json\/wp\/v2\/pages\/118","targetHints":{"allow":["GET"]}}],"collection":[{"href":"https:\/\/ensfrontino.edu.co\/index.php\/wp-json\/wp\/v2\/pages"}],"about":[{"href":"https:\/\/ensfrontino.edu.co\/index.php\/wp-json\/wp\/v2\/types\/page"}],"author":[{"embeddable":true,"href":"https:\/\/ensfrontino.edu.co\/index.php\/wp-json\/wp\/v2\/users\/2"}],"replies":[{"embeddable":true,"href":"https:\/\/ensfrontino.edu.co\/index.php\/wp-json\/wp\/v2\/comments?post=118"}],"version-history":[{"count":12,"href":"https:\/\/ensfrontino.edu.co\/index.php\/wp-json\/wp\/v2\/pages\/118\/revisions"}],"predecessor-version":[{"id":326,"href":"https:\/\/ensfrontino.edu.co\/index.php\/wp-json\/wp\/v2\/pages\/118\/revisions\/326"}],"wp:attachment":[{"href":"https:\/\/ensfrontino.edu.co\/index.php\/wp-json\/wp\/v2\/media?parent=118"}],"curies":[{"name":"wp","href":"https:\/\/api.w.org\/{rel}","templated":true}]}}