{"id":15,"date":"2024-07-27T23:26:45","date_gmt":"2024-07-28T04:26:45","guid":{"rendered":"https:\/\/ensfrontino.edu.co\/?page_id=15"},"modified":"2024-09-10T14:19:08","modified_gmt":"2024-09-10T19:19:08","slug":"pfc","status":"publish","type":"page","link":"https:\/\/ensfrontino.edu.co\/index.php\/pfc\/","title":{"rendered":"PFC"},"content":{"rendered":"\n<div class=\"wp-block-group alignfull has-accent-background-color has-background has-global-padding is-layout-constrained wp-container-core-group-is-layout-669513ed wp-block-group-is-layout-constrained\" style=\"margin-top:0;margin-bottom:0;padding-top:var(--wp--preset--spacing--50);padding-right:var(--wp--preset--spacing--50);padding-bottom:var(--wp--preset--spacing--50);padding-left:var(--wp--preset--spacing--50)\">\n<div class=\"wp-block-columns alignwide is-layout-flex wp-container-core-columns-is-layout-1da03c2a wp-block-columns-is-layout-flex\">\n<div class=\"wp-block-column is-vertically-aligned-stretch is-layout-flow wp-block-column-is-layout-flow\" style=\"flex-basis:50%\">\n<div class=\"wp-block-group is-vertical is-content-justification-stretch is-layout-flex wp-container-core-group-is-layout-444d5ee8 wp-block-group-is-layout-flex\" style=\"min-height:100%\">\n<p class=\"has-heading-font-family has-x-large-font-size\" style=\"line-height:1.2\"><strong>Denominaci\u00f3n acad\u00e9mica:<\/strong> Programa de Formaci\u00f3n Complementaria<\/p>\n\n\n\n<p class=\"has-medium-font-size\"><strong>Fecha de creaci\u00f3n del programa:<\/strong> La creaci\u00f3n del programa se protocoliza en mediante la Resoluci\u00f3n Ministerial 1457 febrero de 2019, consecuente con el proceso de denominado acreditaci\u00f3n previa.<\/p>\n\n\n\n<p class=\"has-medium-font-size\"><strong>Cr\u00e9ditos acad\u00e9micos: <\/strong>60<\/p>\n\n\n\n<p class=\"has-medium-font-size\"><strong>Modalidad:<\/strong> Presencial<\/p>\n\n\n\n<p class=\"has-medium-font-size\"><strong>Duraci\u00f3n:<\/strong>4 semestres para bachilleres acad\u00e9micos con profundizaci\u00f3n en educaci\u00f3n y formaci\u00f3n pedag\u00f3gica y 5 semestres para bachilleres acad\u00e9micos o t\u00e9cnicos<\/p>\n\n\n\n<p class=\"has-medium-font-size\"><strong>T\u00edtulo que otorga:<\/strong> Normalista Superior<\/p>\n\n\n\n<p class=\"has-medium-font-size\"><strong>\u00daltima Resoluci\u00f3n de verificaci\u00f3n de condiciones de calidad:<\/strong> Resoluci\u00f3n 10389 de 2010, del Ministerio de Educaci\u00f3n Nacional<\/p>\n\n\n\n<p class=\"has-medium-font-size\"><strong>El Programa est\u00e1 inscrito a los siguientes convenios:<\/strong> Universidad de San Buenaventura, Medell\u00edn.<\/p>\n\n\n\n<div class=\"wp-block-group has-global-padding is-content-justification-left is-layout-constrained wp-container-core-group-is-layout-9fe8ed88 wp-block-group-is-layout-constrained\">\n<p class=\"wp-container-content-0733e5d0\"><\/p>\n\n\n\n<div class=\"wp-block-buttons is-layout-flex wp-block-buttons-is-layout-flex\">\n<div class=\"wp-block-button\"><a class=\"wp-block-button__link wp-element-button\">About us<\/a><\/div>\n<\/div>\n<\/div>\n<\/div>\n<\/div>\n\n\n\n<div class=\"wp-block-column is-vertically-aligned-center is-layout-flow wp-block-column-is-layout-flow\" style=\"flex-basis:50%\">\n<figure class=\"wp-block-image size-large is-style-rounded is-style-rounded--1\"><img loading=\"lazy\" decoding=\"async\" width=\"1024\" height=\"654\" src=\"https:\/\/ensfrontino.edu.co\/wp-content\/uploads\/2024\/09\/arch-2-1024x654.jpg\" alt=\"\" class=\"wp-image-403\" style=\"aspect-ratio:3\/2;object-fit:cover\" srcset=\"https:\/\/ensfrontino.edu.co\/wp-content\/uploads\/2024\/09\/arch-2-1024x654.jpg 1024w, https:\/\/ensfrontino.edu.co\/wp-content\/uploads\/2024\/09\/arch-2-300x191.jpg 300w, https:\/\/ensfrontino.edu.co\/wp-content\/uploads\/2024\/09\/arch-2-768x490.jpg 768w, https:\/\/ensfrontino.edu.co\/wp-content\/uploads\/2024\/09\/arch-2.jpg 1280w\" sizes=\"auto, (max-width: 1024px) 100vw, 1024px\" \/><\/figure>\n<\/div>\n<\/div>\n<\/div>\n\n\n\n<div class=\"wp-block-group alignfull has-base-background-color has-background has-global-padding is-layout-constrained wp-container-core-group-is-layout-d89aad35 wp-block-group-is-layout-constrained\" style=\"margin-top:0;margin-bottom:0;padding-top:var(--wp--preset--spacing--50);padding-right:var(--wp--preset--spacing--50);padding-bottom:var(--wp--preset--spacing--50);padding-left:var(--wp--preset--spacing--50)\">\n<div class=\"wp-block-columns alignwide is-layout-flex wp-container-core-columns-is-layout-549b0c86 wp-block-columns-is-layout-flex\">\n<div class=\"wp-block-column has-global-padding is-content-justification-left is-layout-constrained wp-container-core-column-is-layout-09619b0e wp-block-column-is-layout-constrained\" style=\"flex-basis:40%\">\n<p><strong><br><br>CONCEPCI\u00d3N DE PR\u00c1CTICA<br>PEDAG\u00d3GICA INVESTIGATIVA<br><\/strong><br><br>La ENS Miguel \u00c1ngel \u00c1lvarez, concibe la pr\u00e1ctica pedag\u00f3gica investigativa como un proceso formativo en donde se habilita al maestro en formaci\u00f3n para percibir y  explorar las caracter\u00edsticas del mundo de la ense\u00f1anza, poniendo a prueba los ideales y las demandas propias de la profesi\u00f3n  pedag\u00f3gica.<br><br><\/p>\n<\/div>\n\n\n\n<div class=\"wp-block-column is-layout-flow wp-container-core-column-is-layout-119bc444 wp-block-column-is-layout-flow\" style=\"flex-basis:60%\">\n<p class=\"has-heading-font-family has-x-large-font-size\" style=\"line-height:1.2\"><strong>LA PR\u00c1CTICA PEDAG\u00d3GICA<\/strong><\/p>\n\n\n\n<div class=\"wp-block-columns is-layout-flex wp-container-core-columns-is-layout-87beb0d0 wp-block-columns-is-layout-flex\">\n<div class=\"wp-block-column is-layout-flow wp-block-column-is-layout-flow\">\n<p class=\"wp-container-content-9cfa9a5a\">Es un espacio que busca en una primera instancia, ofrecer&nbsp; las bases  epistemol\u00f3gicas, te\u00f3ricas, metodol\u00f3gicas y pr\u00e1cticas para que los estudiantes del  Programa de Formaci\u00f3n Complementaria reconozcan la importancia&nbsp; y los retos de la profesi\u00f3n docente y se acerquen a las  realidades de los diferentes contextos  sociales y educativos (rural y urbano); y, en una segunda instancia, tener la experiencia en el campo aplicado, atendiendo desde la teor\u00eda Vigotskiana, donde los maestros en formaci\u00f3n dan cuenta del conjunto de conocimientos, procedimientos y  competencias adquiridas durante su formaci\u00f3n y experiencia en situaciones concretas de ense\u00f1anza y aprendizaje.<\/p>\n<\/div>\n\n\n\n<div class=\"wp-block-column is-layout-flow wp-block-column-is-layout-flow\">\n<p>La Pr\u00e1ctica por ser vivencial y desarrollarse en un espacio que posibilita la aplicaci\u00f3n y reflexi\u00f3n de lo aprendido desde la teor\u00eda de Elo\u00edsa Vasco, en un contexto educativo&nbsp; real,&nbsp; se considera pedag\u00f3gica e investigativa por abordar, indagar y proponer formas de ense\u00f1anza y  aprendizaje, combinando en esta relaci\u00f3n la educabilidad y la ense\u00f1abilidad, aspectos relevantes de la formaci\u00f3n humana integral apuntalada en el desarrollo moral que seg\u00fan Lawrence Kohlberg, el cambio de actitud y los aprendizajes para el desarrollo moral ocurren con las oportunidades de toma de papeles, es decir, oportunidades de  considerar los puntos de vista de los dem\u00e1s<\/p>\n<\/div>\n<\/div>\n<\/div>\n<\/div>\n<\/div>\n\n\n\n<div class=\"wp-block-group alignfull has-accent-5-background-color has-background has-global-padding is-layout-constrained wp-container-core-group-is-layout-9918d064 wp-block-group-is-layout-constrained\" style=\"min-height:16px;margin-top:0;margin-bottom:0;padding-top:var(--wp--preset--spacing--50);padding-right:var(--wp--preset--spacing--60);padding-bottom:var(--wp--preset--spacing--50);padding-left:var(--wp--preset--spacing--60)\">\n<div class=\"wp-block-columns alignwide is-layout-flex wp-container-core-columns-is-layout-1da03c2a wp-block-columns-is-layout-flex\">\n<div class=\"wp-block-column is-vertically-aligned-center is-layout-flow wp-block-column-is-layout-flow\" style=\"flex-basis:60%\">\n<figure class=\"wp-block-image size-full is-resized is-style-rounded wp-duotone-duotone-1 is-style-rounded--2\"><img decoding=\"async\" src=\"https:\/\/ensfrontino.edu.co\/wp-content\/themes\/twentytwentyfour\/assets\/images\/abstract-geometric-art.webp\" alt=\"White abstract geometric artwork from Dresden, Germany\" style=\"aspect-ratio:1.7777777777777777;object-fit:cover;width:332px;height:auto\"\/><\/figure>\n<\/div>\n\n\n\n<div class=\"wp-block-column is-layout-flow wp-block-column-is-layout-flow\" style=\"flex-basis:80%\">\n<h2 class=\"wp-block-heading\">Actividades varias<\/h2>\n\n\n\n<p>Experience the fusion of imagination and expertise with \u00c9tudes\u2014the catalyst for architectural transformations that enrich the world around us.<\/p>\n\n\n\n<div class=\"wp-block-buttons is-layout-flex wp-block-buttons-is-layout-flex\">\n<div class=\"wp-block-button\"><a class=\"wp-block-button__link wp-element-button\">Our services<\/a><\/div>\n<\/div>\n<\/div>\n<\/div>\n<\/div>\n\n\n\n<div class=\"wp-block-group alignfull has-global-padding is-layout-constrained wp-container-core-group-is-layout-669513ed wp-block-group-is-layout-constrained\" style=\"margin-top:0;margin-bottom:0;padding-top:var(--wp--preset--spacing--50);padding-right:var(--wp--preset--spacing--50);padding-bottom:var(--wp--preset--spacing--50);padding-left:var(--wp--preset--spacing--50)\">\n<div class=\"wp-block-group is-vertical is-content-justification-center is-layout-flex wp-container-core-group-is-layout-ce155fab wp-block-group-is-layout-flex\">\n<h2 class=\"wp-block-heading has-text-align-center has-xx-large-font-size\">Registros<\/h2>\n\n\n\n<p class=\"has-text-align-center\">Fotos de algunos procesos<\/p>\n<\/div>\n\n\n\n<div style=\"height:var(--wp--preset--spacing--30)\" aria-hidden=\"true\" class=\"wp-block-spacer\"><\/div>\n\n\n\n<div class=\"wp-block-columns alignwide is-layout-flex wp-container-core-columns-is-layout-4935966c wp-block-columns-is-layout-flex\" style=\"padding-right:0;padding-left:0\">\n<div class=\"wp-block-column is-layout-flow wp-block-column-is-layout-flow\">\n<figure class=\"wp-block-image size-full is-style-rounded is-style-rounded--3\"><img loading=\"lazy\" decoding=\"async\" width=\"1280\" height=\"851\" src=\"https:\/\/ensfrontino.edu.co\/wp-content\/uploads\/2024\/09\/arch-1-rotated.jpg\" alt=\"\" class=\"wp-image-400\" style=\"aspect-ratio:1;object-fit:cover\" srcset=\"https:\/\/ensfrontino.edu.co\/wp-content\/uploads\/2024\/09\/arch-1-rotated.jpg 1280w, https:\/\/ensfrontino.edu.co\/wp-content\/uploads\/2024\/09\/arch-1-300x199.jpg 300w, https:\/\/ensfrontino.edu.co\/wp-content\/uploads\/2024\/09\/arch-1-1024x681.jpg 1024w, https:\/\/ensfrontino.edu.co\/wp-content\/uploads\/2024\/09\/arch-1-768x511.jpg 768w\" sizes=\"auto, (max-width: 1280px) 100vw, 1280px\" \/><\/figure>\n\n\n\n<div class=\"wp-block-group is-vertical is-content-justification-center is-nowrap is-layout-flex wp-container-core-group-is-layout-21d4e958 wp-block-group-is-layout-flex\">\n<p class=\"has-text-align-center has-small-font-size\">Evidencias de la pr\u00e1ctica<\/p>\n\n\n\n<p class=\"has-text-align-center has-small-font-size\"><\/p>\n<\/div>\n<\/div>\n\n\n\n<div class=\"wp-block-column is-layout-flow wp-block-column-is-layout-flow\">\n\n\n<div class=\"wp-block-group is-vertical is-content-justification-center is-nowrap is-layout-flex wp-container-core-group-is-layout-63bfd6c1 wp-block-group-is-layout-flex\">\n<p class=\"has-text-align-center has-small-font-size\">\n\t\t\t\t\t<strong>Rhye Moore<\/strong>\n\t\t\t\t<\/p>\n\n\n\n<p class=\"has-text-align-center has-small-font-size\">Engineering Manager<\/p>\n<\/div>\n<\/div>\n\n\n\n<div class=\"wp-block-column is-layout-flow wp-block-column-is-layout-flow\">\n\n\n<div class=\"wp-block-group is-vertical is-content-justification-center is-nowrap is-layout-flex wp-container-core-group-is-layout-63bfd6c1 wp-block-group-is-layout-flex\">\n<p class=\"has-text-align-center has-small-font-size\">\n\t\t\t\t\t<strong>Helga Steiner<\/strong>\n\t\t\t\t<\/p>\n\n\n\n<p class=\"has-text-align-center has-small-font-size\">Architect<\/p>\n<\/div>\n<\/div>\n\n\n\n<div class=\"wp-block-column is-layout-flow wp-block-column-is-layout-flow\">\n\n\n<div class=\"wp-block-group is-vertical is-content-justification-center is-nowrap is-layout-flex wp-container-core-group-is-layout-21d4e958 wp-block-group-is-layout-flex\">\n<p class=\"has-text-align-center has-small-font-size\">\n\t\t\t\t\t<strong>Ivan Lawrence<\/strong>\n\t\t\t\t<\/p>\n\n\n\n<p class=\"has-text-align-center has-small-font-size\">Project Manager<\/p>\n<\/div>\n<\/div>\n<\/div>\n<\/div>\n\n\n\n<div class=\"wp-block-group alignfull has-global-padding is-layout-constrained wp-container-core-group-is-layout-d89aad35 wp-block-group-is-layout-constrained\" style=\"margin-top:0;margin-bottom:0;padding-top:var(--wp--preset--spacing--50);padding-right:var(--wp--preset--spacing--50);padding-bottom:var(--wp--preset--spacing--50);padding-left:var(--wp--preset--spacing--50)\">\n<div class=\"wp-block-group alignwide has-base-2-background-color has-background is-layout-flow wp-block-group-is-layout-flow\" style=\"border-radius:16px;padding-top:var(--wp--preset--spacing--50);padding-right:var(--wp--preset--spacing--50);padding-bottom:var(--wp--preset--spacing--50);padding-left:var(--wp--preset--spacing--50)\">\n<p class=\"has-text-align-center\">ENLACES DE FORMACI\u00d3N<\/p>\n\n\n\n<div style=\"height:var(--wp--preset--spacing--10)\" aria-hidden=\"true\" class=\"wp-block-spacer\"><\/div>\n\n\n\n<div class=\"wp-block-group alignwide is-content-justification-center is-layout-flex wp-container-core-group-is-layout-f95ffa09 wp-block-group-is-layout-flex\" style=\"padding-top:0;padding-right:0;padding-bottom:0;padding-left:0\">\n\n\n\n\n\n\n\n<\/div>\n<\/div>\n<\/div>\n\n\n\n<div class=\"wp-block-cover alignfull is-light\"><span aria-hidden=\"true\" class=\"wp-block-cover__background has-contrast-background-color has-background-dim\"><\/span><div class=\"wp-block-cover__inner-container is-layout-flow wp-block-cover-is-layout-flow\">\n<div class=\"wp-block-group alignfull has-base-color has-text-color has-link-color wp-elements-07eccfdb47ec3de7d10d438b6a076ea7 has-global-padding is-layout-constrained wp-container-core-group-is-layout-d89aad35 wp-block-group-is-layout-constrained\" style=\"margin-top:0;margin-bottom:0;padding-top:var(--wp--preset--spacing--50);padding-right:var(--wp--preset--spacing--50);padding-bottom:var(--wp--preset--spacing--50);padding-left:var(--wp--preset--spacing--50)\">\n<h2 class=\"wp-block-heading alignwide has-base-color has-text-color has-link-color wp-elements-e7d23655cc6764b394fdb43e42df79a8\" style=\"font-size:clamp(1.837rem, 1.837rem + ((1vw - 0.2rem) * 2.272), 3.2rem);letter-spacing:-0.02em\">APORTE PEDAG\u00d3GICO<\/h2>\n\n\n\n<div class=\"wp-block-group alignwide is-layout-flow wp-block-group-is-layout-flow\">\n<hr class=\"wp-block-separator has-text-color has-base-color has-alpha-channel-opacity has-base-background-color has-background is-style-wide\" style=\"margin-top:var(--wp--preset--spacing--30);margin-bottom:var(--wp--preset--spacing--30)\"\/>\n\n\n\n<h3 class=\"wp-block-heading alignwide has-base-2-color has-text-color has-link-color wp-elements-ae1ebebf4837e7caf41f4d9dd3e00d4b\"><a href=\"https:\/\/joom.ag\/2Yud\" target=\"_blank\" rel=\"noreferrer noopener\">PROGRAMA DE FORMACI\u00d3N<\/a><\/h3>\n\n\n\n<p>El proyecto del Programa de Formaci\u00f3n Complementaria (PEP), es la s\u00edntesis de la propuesta de formaci\u00f3n, en \u00e9l se consolida la fundamentaci\u00f3n te\u00f3rica que sustenta la propuesta desde bases pedag\u00f3gicas, epistemol\u00f3gicas, curriculares, es el resultado de la consolidaci\u00f3n de debates acad\u00e9micos y experiencia de la escuela Normal en la formaci\u00f3n de maestros.<\/p>\n\n\n\n<h3 class=\"wp-block-heading alignwide has-base-2-color has-text-color has-link-color wp-elements-e917adf31f618547848b492163f12a45\">MANUAL PR\u00c1CTICA DOCENTE<\/h3>\n\n\n\n<p class=\"has-contrast-1-color has-text-color has-link-color wp-elements-c7a6a2949ec955eb29254d2d7fb719b9\">\u00c9tudes offers comprehensive consulting, management, design, and research solutions. Our vision is to be at the forefront of architectural innovation, fostering a global community of architects and enthusiasts united by a passion for creating spaces. Every architectural endeavor is an opportunity to shape the future.<\/p>\n\n\n\n<hr class=\"wp-block-separator has-text-color has-base-color has-alpha-channel-opacity has-base-background-color has-background is-style-wide\" style=\"margin-top:var(--wp--preset--spacing--30);margin-bottom:var(--wp--preset--spacing--30)\"\/>\n\n\n\n<h3 class=\"wp-block-heading alignwide has-base-2-color has-text-color has-link-color wp-elements-89b65863eb34380c570bdb7bd4f35875\"><a href=\"https:\/\/ensfrontino.edu.co\/wp-content\/uploads\/2024\/08\/Pensum-PFC-22.pdf\" data-type=\"link\" data-id=\"https:\/\/ensfrontino.edu.co\/wp-content\/uploads\/2024\/08\/Pensum-PFC-22.pdf\">PENSU<\/a><a href=\"https:\/\/ensfrontino.edu.co\/wp-content\/uploads\/2024\/08\/Pensum-PFC-22.pdf\" data-type=\"link\" data-id=\"https:\/\/ensfrontino.edu.co\/wp-content\/uploads\/2024\/08\/Pensum-PFC-22.pdf\" target=\"_blank\" rel=\"noreferrer noopener\">M<\/a><\/h3>\n\n\n\n<p class=\"has-contrast-1-color has-text-color has-link-color wp-elements-f4e86bac2c493c6e62c685046d244ba9\">El plan de estudios es acorde a la norma y a la propuesta de formaci\u00f3n<\/p>\n\n\n\n<hr class=\"wp-block-separator has-text-color has-base-color has-alpha-channel-opacity has-base-background-color has-background is-style-wide\" style=\"margin-top:var(--wp--preset--spacing--30);margin-bottom:var(--wp--preset--spacing--30)\"\/>\n\n\n\n<h3 class=\"wp-block-heading alignwide has-base-2-color has-text-color has-link-color wp-elements-7921317a167ed915d52f77817643b4e8\"><strong>ARCHIVO PEDAG\u00d3GICO<\/strong><\/h3>\n\n\n\n<p class=\"has-contrast-1-color has-text-color has-link-color wp-elements-8a6244d0256af1d148be9c6f8727b5fe\"><\/p>\n\n\n\n<p class=\"has-contrast-1-color has-text-color has-link-color wp-elements-da5728d3e98e9d5325159e2954a9023d\">En la oficina designada para la Coordinaci\u00f3n de la Pr\u00e1ctica Pedag\u00f3gica reposa el archivo pedag\u00f3gico con todos los documentos que ata\u00f1en al desarrollo de la P.P.I. organizados en carpetas AZ desde el a\u00f1o 2011 hasta el presente a\u00f1o 2024. As\u00ed mismo, los Cuadernos Observadores de la P.P.I. para cada escenario educativo e Instituciones Educativas de tipo urbana y rural, de acuerdo a los niveles y grados en los que los maestros en formaci\u00f3n realizan las diversas P.P.I.<\/p>\n\n\n\n<div style=\"margin-top:var(--wp--preset--spacing--10);margin-bottom:0;height:var(--wp--preset--spacing--10)\" aria-hidden=\"true\" class=\"wp-block-spacer\"><\/div>\n<\/div>\n<\/div>\n<\/div><\/div>\n\n\n\n<div class=\"wp-block-group alignfull has-global-padding is-layout-constrained wp-container-core-group-is-layout-d89aad35 wp-block-group-is-layout-constrained\" style=\"margin-top:0;margin-bottom:0;padding-top:var(--wp--preset--spacing--50);padding-right:var(--wp--preset--spacing--50);padding-bottom:var(--wp--preset--spacing--50);padding-left:var(--wp--preset--spacing--50)\">\n<div class=\"wp-block-columns alignwide are-vertically-aligned-center is-layout-flex wp-container-core-columns-is-layout-47c06fe3 wp-block-columns-is-layout-flex\">\n<div class=\"wp-block-column is-vertically-aligned-center is-layout-flow wp-block-column-is-layout-flow\" style=\"flex-basis:50%\">\n<h2 class=\"wp-block-heading\">Experiencias Significativas<\/h2>\n\n\n\n<ul style=\"line-height:1.75\" class=\"wp-block-list is-style-checkmark-list\">\n<li>Collaborate with fellow architects.<\/li>\n\n\n\n<li>Showcase your projects.<\/li>\n\n\n\n<li>Experience the world of architecture.<\/li>\n<\/ul>\n\n\n\n<div class=\"wp-block-buttons is-layout-flex wp-block-buttons-is-layout-flex\">\n<div class=\"wp-block-button\"><a class=\"wp-block-button__link wp-element-button\">Download app<\/a><\/div>\n\n\n\n<div class=\"wp-block-button is-style-outline is-style-outline--7\"><a class=\"wp-block-button__link wp-element-button\">How it works<\/a><\/div>\n<\/div>\n<\/div>\n\n\n\n<div class=\"wp-block-column is-vertically-aligned-center is-layout-flow wp-block-column-is-layout-flow\" style=\"flex-basis:50%\">\n<figure class=\"wp-block-image size-full is-style-rounded is-style-rounded--8\"><img decoding=\"async\" src=\"https:\/\/ensfrontino.edu.co\/wp-content\/themes\/twentytwentyfour\/assets\/images\/abstract-geometric-art.webp\" alt=\"White abstract geometric artwork from Dresden, Germany\" style=\"aspect-ratio:4\/3;object-fit:cover\"\/><\/figure>\n<\/div>\n<\/div>\n<\/div>\n\n\n\n<p><\/p>\n","protected":false},"excerpt":{"rendered":"<p>Denominaci\u00f3n acad\u00e9mica: Programa de Formaci\u00f3n Complementaria Fecha de creaci\u00f3n del programa: La creaci\u00f3n del programa se protocoliza en mediante la Resoluci\u00f3n Ministerial 1457 febrero de 2019, consecuente con el proceso de denominado acreditaci\u00f3n previa. Cr\u00e9ditos acad\u00e9micos: 60 Modalidad: Presencial Duraci\u00f3n:4 semestres para bachilleres acad\u00e9micos con profundizaci\u00f3n en educaci\u00f3n y formaci\u00f3n pedag\u00f3gica y 5 semestres para [&hellip;]<\/p>\n","protected":false},"author":2,"featured_media":0,"parent":0,"menu_order":5,"comment_status":"closed","ping_status":"closed","template":"","meta":{"footnotes":""},"class_list":["post-15","page","type-page","status-publish","hentry"],"_links":{"self":[{"href":"https:\/\/ensfrontino.edu.co\/index.php\/wp-json\/wp\/v2\/pages\/15","targetHints":{"allow":["GET"]}}],"collection":[{"href":"https:\/\/ensfrontino.edu.co\/index.php\/wp-json\/wp\/v2\/pages"}],"about":[{"href":"https:\/\/ensfrontino.edu.co\/index.php\/wp-json\/wp\/v2\/types\/page"}],"author":[{"embeddable":true,"href":"https:\/\/ensfrontino.edu.co\/index.php\/wp-json\/wp\/v2\/users\/2"}],"replies":[{"embeddable":true,"href":"https:\/\/ensfrontino.edu.co\/index.php\/wp-json\/wp\/v2\/comments?post=15"}],"version-history":[{"count":20,"href":"https:\/\/ensfrontino.edu.co\/index.php\/wp-json\/wp\/v2\/pages\/15\/revisions"}],"predecessor-version":[{"id":406,"href":"https:\/\/ensfrontino.edu.co\/index.php\/wp-json\/wp\/v2\/pages\/15\/revisions\/406"}],"wp:attachment":[{"href":"https:\/\/ensfrontino.edu.co\/index.php\/wp-json\/wp\/v2\/media?parent=15"}],"curies":[{"name":"wp","href":"https:\/\/api.w.org\/{rel}","templated":true}]}}