{"id":2,"date":"2024-07-26T14:24:53","date_gmt":"2024-07-26T19:24:53","guid":{"rendered":"http:\/\/ensfrontino.edu.co\/?page_id=2"},"modified":"2025-04-09T15:09:46","modified_gmt":"2025-04-09T20:09:46","slug":"saga","status":"publish","type":"page","link":"https:\/\/ensfrontino.edu.co\/index.php\/saga\/","title":{"rendered":"SAGA"},"content":{"rendered":"\n<p class=\"has-text-align-center\"><a href=\"https:\/\/www.sisga.com.co\/Saga\/Autenticacion\" target=\"_blank\" rel=\"noreferrer noopener\"> <strong>Sistema Administrativo de Gesti\u00f3n Acad\u00e9mica<\/strong><\/a><\/p>\n\n\n\n<blockquote class=\"wp-block-quote is-layout-flow wp-block-quote-is-layout-flow\">\n<figure class=\"wp-block-image size-full\"><a href=\"https:\/\/www.sisga.com.co\/Saga\/Autenticacion\" target=\"_blank\" rel=\"noreferrer noopener\"><img loading=\"lazy\" decoding=\"async\" width=\"869\" height=\"503\" src=\"https:\/\/ensfrontino.edu.co\/wp-content\/uploads\/2024\/07\/image.png\" alt=\"\" class=\"wp-image-49\" srcset=\"https:\/\/ensfrontino.edu.co\/wp-content\/uploads\/2024\/07\/image.png 869w, https:\/\/ensfrontino.edu.co\/wp-content\/uploads\/2024\/07\/image-300x174.png 300w, https:\/\/ensfrontino.edu.co\/wp-content\/uploads\/2024\/07\/image-768x445.png 768w\" sizes=\"auto, (max-width: 869px) 100vw, 869px\" \/><\/a><\/figure>\n\n\n\n<p>Nota: se por error digita mal la clave por m\u00e1s de dos veces, el usuario quedar\u00e1 inhabilitado. por lo que debes acudir al Coordinador Acad\u00e9mico para que lo habilite de nuevo.<\/p>\n\n\n\n<p>Como ver las notas:<\/p>\n<\/blockquote>\n\n\n\n<blockquote class=\"wp-block-quote is-layout-flow wp-block-quote-is-layout-flow\">\n<p>Clic en calificaciones, calificaciones cualitativas a\u00f1o en curso&#8230;<\/p>\n<\/blockquote>\n\n\n\n<p><\/p>\n","protected":false},"excerpt":{"rendered":"<p>Sistema Administrativo de Gesti\u00f3n Acad\u00e9mica Clic en calificaciones, calificaciones cualitativas a\u00f1o en curso&#8230;<\/p>\n","protected":false},"author":1,"featured_media":0,"parent":0,"menu_order":2,"comment_status":"closed","ping_status":"open","template":"","meta":{"footnotes":""},"class_list":["post-2","page","type-page","status-publish","hentry"],"_links":{"self":[{"href":"https:\/\/ensfrontino.edu.co\/index.php\/wp-json\/wp\/v2\/pages\/2","targetHints":{"allow":["GET"]}}],"collection":[{"href":"https:\/\/ensfrontino.edu.co\/index.php\/wp-json\/wp\/v2\/pages"}],"about":[{"href":"https:\/\/ensfrontino.edu.co\/index.php\/wp-json\/wp\/v2\/types\/page"}],"author":[{"embeddable":true,"href":"https:\/\/ensfrontino.edu.co\/index.php\/wp-json\/wp\/v2\/users\/1"}],"replies":[{"embeddable":true,"href":"https:\/\/ensfrontino.edu.co\/index.php\/wp-json\/wp\/v2\/comments?post=2"}],"version-history":[{"count":19,"href":"https:\/\/ensfrontino.edu.co\/index.php\/wp-json\/wp\/v2\/pages\/2\/revisions"}],"predecessor-version":[{"id":478,"href":"https:\/\/ensfrontino.edu.co\/index.php\/wp-json\/wp\/v2\/pages\/2\/revisions\/478"}],"wp:attachment":[{"href":"https:\/\/ensfrontino.edu.co\/index.php\/wp-json\/wp\/v2\/media?parent=2"}],"curies":[{"name":"wp","href":"https:\/\/api.w.org\/{rel}","templated":true}]}}